{"id":52,"date":"2016-09-13T03:19:16","date_gmt":"2016-09-13T03:19:16","guid":{"rendered":"http:\/\/demo.oceanthemes.net\/modis\/?page_id=52"},"modified":"2021-02-08T17:47:26","modified_gmt":"2021-02-08T17:47:26","slug":"about","status":"publish","type":"page","link":"https:\/\/conexaocg.com.br\/website\/about\/","title":{"rendered":"Sobre n\u00f3s"},"content":{"rendered":"<p>[vc_row img_halfrow=&#8221;yes&#8221; halfrow_image=&#8221;1260&#8243; img_columns=&#8221;6columns&#8221; img_position=&#8221;imgleft&#8221; bgcolor=&#8221;#eeeeee&#8221; css=&#8221;.vc_custom_1581952226447{background-color: #eeeeee !important;}&#8221;][vc_column offset=&#8221;vc_col-lg-offset-7 vc_col-lg-5 vc_col-md-offset-7 vc_col-md-5&#8243;]\t\r\n\t<div class=\"padding40\">\r\n        <h2>Quem somos?            <span class=\"small-border\"><\/span>\r\n        <\/h2>\r\n        <\/p>\n<p class=\"font-weight-bold text-gray-dark wow fadeInUp\" data-wow-delay=\".4s\"><strong>\u25cf Vasta experi\u00eancia em assessoria e consultoria de neg\u00f3cios<\/strong><\/p>\n<p class=\"font-weight-bold text-gray-dark wow fadeInUp\" data-wow-delay=\".4s\"><strong>\u25cf Personaliza\u00e7\u00e3o de servi\u00e7o de acordo com a demanda de cada cliente<\/strong><\/p>\n<p class=\"wow fadeInUp\" data-wow-delay=\".4s\">N\u00e3o importa se sua empresa \u00e9 pequena ou grande: estamos prontos para oferecer as melhores solu\u00e7\u00f5es sempre. Auxiliar nossos clientes a resolver novos problemas expande nosso leque de refer\u00eancias, permitindo que adicionemos um novo m\u00e9todo \u00e0s nossas melhores pr\u00e1ticas.<\/p>\n<p class=\"wow fadeInUp\" data-wow-delay=\".4s\">Este \u00e9 nosso processo h\u00e1 mais de trinta anos, garantindo excel\u00eancia no atendimento para empresas dos mais variados segmentos e portes e conquistando a experi\u00eancia de centenas de projetos bem-sucedidos em administra\u00e7\u00e3o, contabilidade e finan\u00e7as.<\/p>\n<p>    <\/div>\r\n\r\n[\/vc_column][\/vc_row][vc_row img_halfrow=&#8221;yes&#8221; halfrow_image=&#8221;1261&#8243; img_columns=&#8221;6columns&#8221; img_position=&#8221;imgright&#8221; bgcolor=&#8221;#eeeeee&#8221; css=&#8221;.vc_custom_1581952242447{background-color: #eeeeee !important;}&#8221;][vc_column offset=&#8221;vc_col-lg-5 vc_col-md-5&#8243;]\t\r\n\t<div class=\"padding40\">\r\n        <h2>Por que as empresas nos escolhem?            <span class=\"small-border\"><\/span>\r\n        <\/h2>\r\n        <\/p>\n<p class=\"wow fadeInUp\" data-wow-delay=\".4s\">\u25cf Por nossa\u00a0<b>equipe experiente<\/b>, j\u00e1 que nossos colaboradores t\u00eam experi\u00eancia e viv\u00eancia em assessoria e consultoria em neg\u00f3cios.<\/p>\n<p class=\"wow fadeInUp\" data-wow-delay=\".4s\">\u25cf Por nosso\u00a0<b>know-how<\/b>, disponibilizado a nossos clientes e aplicado a cada caso espec\u00edfico;<\/p>\n<p class=\"wow fadeInUp\" data-wow-delay=\".4s\">\u25cf Por nossas\u00a0<b>solu\u00e7\u00f5es inovadoras<\/b>, servi\u00e7os e solu\u00e7\u00f5es baseados nas melhores pr\u00e1ticas cont\u00e1beis, administrativas e financeiras, obtidas pela experi\u00eancia pr\u00e1tica e acad\u00eamica;<\/p>\n<p class=\"wow fadeInUp\" data-wow-delay=\".4s\">\u25cf Por nosso\u00a0<b>pensamento estrat\u00e9gico<\/b>, pois a Conex\u00e3o trabalha estrategicamente para oferecer os melhores caminhos para o seu neg\u00f3cio;<\/p>\n<p class=\"wow fadeInUp\" data-wow-delay=\".4s\">\u25cf Por nossa\u00a0<b>abordagem t\u00e9cnica\/criativa<\/b>, em que empregamos para cada projeto solu\u00e7\u00f5es t\u00e9cnicas e criativas, o que nos permite encontrar sempre o melhor caminho.<\/p>\n<p class=\"wow fadeInUp text-justify\" data-wow-delay=\".4s\">A\u00a0<b>Conex\u00e3o<\/b> come\u00e7ou em 1988 como Digicont, quando seu fundador observou uma demanda n\u00e3o atendida no mercado por servi\u00e7os cont\u00e1beis que fossem \u00e1geis e de qualidade, especialmente pela possibilidade de explorar a revolu\u00e7\u00e3o digital que come\u00e7ava. Em 2005 iniciou sua fase como Calculus Prime, o que durou at\u00e9 2019, com a mudan\u00e7a de posicionamento que nos transformou em Conex\u00e3o Consultoria e Gest\u00e3o. Tamb\u00e9m passamos a operar com BPO (Business Process Outsourcing, terceiriza\u00e7\u00e3o de atividades administrativas e financeiras). S\u00e3o tr\u00eas d\u00e9cadas de investimento em inova\u00e7\u00e3o, buscando e criando novas formas de atender nossos clientes e agindo para garantir tecnologias melhores, mais \u00e1geis e mais acess\u00edveis, entendendo a agilidade na produ\u00e7\u00e3o e no envio de informa\u00e7\u00f5es de qualidade como fundamentais para que nossos clientes tomem as melhores decis\u00f5es sobre seus neg\u00f3cios.<\/p>\n<p class=\"wow fadeInUp text-justify\" data-wow-delay=\".4s\"><b>Miss\u00e3o:<\/b><br \/>\nFornecer servi\u00e7os de assessoria cont\u00e1bil, fiscal, trabalhista e de gest\u00e3o administrativa e financeira, utilizando meios digitais modernos, de forma a garantir o cumprimento das obriga\u00e7\u00f5es legais com agilidade, economia, precis\u00e3o das informa\u00e7\u00f5es, poupando recursos naturais. Provendo os clientes de informa\u00e7\u00f5es vitais para r\u00e1pida tomada de decis\u00e3o, evitando preju\u00edzos e maximizando resultados.<\/p>\n<p class=\"wow fadeInUp text-justify\" data-wow-delay=\".4s\"><b>Vis\u00e3o:<\/b><br \/>\nSer refer\u00eancia em servi\u00e7os de qualidade no setor em que atuamos, buscando continuamente os recursos mais inovadores do mercado.    <\/div>\r\n\r\n[\/vc_column][\/vc_row][vc_row css=&#8221;.vc_custom_1581817850960{padding-top: 90px !important;padding-bottom: 90px !important;}&#8221;][vc_column width=&#8221;1\/3&#8243;][\/vc_column][vc_column width=&#8221;1\/3&#8243;]\t\r\n\t<div class=\"team-member\">\r\n        <img src=\"https:\/\/conexaocg.com.br\/website\/wp-content\/uploads\/2020\/02\/0.jpeg\" class=\"img-circle \" alt=\"\" \/>\r\n        <h3>Sergio de Souza<\/h3>\r\n        <p><\/p>\n<p style=\"text-align: center;\"><strong><span class=\"d-block\">CEO\/CFO\/Founder<\/span><\/strong><\/p>\n<p class=\"offset-left-10 offset-right-10 text-justify\">Paulistano, casado, pai de tr\u00eas filhos, com seis netos, formado em Contabilidade pela FECAP \u2013 S\u00e3o Paulo (1980), mestrado em Administra\u00e7\u00e3o com \u00eanfase em Finan\u00e7as tamb\u00e9m pela FECAP (2017). Possui v\u00e1rios cursos nas \u00e1reas, cont\u00e1bil e financeira e \u00e9 um pesquisador nessas \u00e1reas.<\/p>\n<p><\/p>\r\n        <div class=\"social\">\r\n            <a href=\"https:\/\/www.linkedin.com\/in\/sergiosz\/?originalSubdomain=br\"><i class=\"fab fa-linkedin fa-lg\"><\/i><\/a>                                            <\/div>\r\n    <\/div>\r\n\r\n[\/vc_column][vc_column width=&#8221;1\/3&#8243;][\/vc_column][\/vc_row][vc_row css=&#8221;.vc_custom_1476784632554{padding-top: 90px !important;padding-bottom: 90px !important;background-color: #151515 !important;}&#8221; el_class=&#8221;text-light&#8221;][vc_column]\t\r\n\t<div class=\"text-center text-light\">\r\n\t\t<h1>Alguma d\u00favida?<\/h1>\r\n\t    <div class=\"small-border \"><\/div>\t<\/div>\r\n\r\n[vc_empty_space height=&#8221;30px&#8221;][vc_column_text]<\/p>\n<h2 style=\"text-align: center;\"><span style=\"color: #ffffff;\">Entre em contato:<\/span><\/h2>\n<h2 style=\"text-align: center;\"><span style=\"color: #ffffff;\"><a style=\"color: #ffffff;\" href=\"tel:1143082012\" target=\"_blank\" rel=\"noopener noreferrer\">(11) 4308-2012<\/a>\u00a0<\/span><\/h2>\n<p style=\"text-align: center;\"><span style=\"color: #ffffff;\">Sinta-se \u00e0 vontade para entrar em contato com nossa equipe para saber mais sobre os servi\u00e7os prestados por n\u00f3s e v\u00e1rias ofertas para o seu neg\u00f3cio!<\/span><\/p>\n<p>[\/vc_column_text][\/vc_column][\/vc_row]<\/p>\n","protected":false},"excerpt":{"rendered":"<p>[vc_row img_halfrow=&#8221;yes&#8221; halfrow_image=&#8221;1260&#8243; img_columns=&#8221;6columns&#8221; img_position=&#8221;imgleft&#8221; bgcolor=&#8221;#eeeeee&#8221; css=&#8221;.vc_custom_1581952226447{background-color: #eeeeee !important;}&#8221;][vc_column offset=&#8221;vc_col-lg-offset-7 vc_col-lg-5 vc_col-md-offset-7 vc_col-md-5&#8243;][\/vc_column][\/vc_row][vc_row img_halfrow=&#8221;yes&#8221; halfrow_image=&#8221;1261&#8243; img_columns=&#8221;6columns&#8221; img_position=&#8221;imgright&#8221; bgcolor=&#8221;#eeeeee&#8221; css=&#8221;.vc_custom_1581952242447{background-color: #eeeeee !important;}&#8221;][vc_column offset=&#8221;vc_col-lg-5 vc_col-md-5&#8243;][\/vc_column][\/vc_row][vc_row css=&#8221;.vc_custom_1581817850960{padding-top: 90px !important;padding-bottom: 90px !important;}&#8221;][vc_column width=&#8221;1\/3&#8243;][\/vc_column][vc_column width=&#8221;1\/3&#8243;][\/vc_column][vc_column width=&#8221;1\/3&#8243;][\/vc_column][\/vc_row][vc_row css=&#8221;.vc_custom_1476784632554{padding-top: 90px !important;padding-bottom: 90px !important;background-color: #151515 !important;}&#8221; el_class=&#8221;text-light&#8221;][vc_column][vc_empty_space height=&#8221;30px&#8221;][vc_column_text] Entre em contato: (11) 4308-2012\u00a0 Sinta-se \u00e0 vontade para entrar em contato com nossa equipe [&hellip;]<\/p>\n","protected":false},"author":2,"featured_media":0,"parent":0,"menu_order":7,"comment_status":"closed","ping_status":"closed","template":"page-templates\/template-fullwidth.php","meta":[],"_links":{"self":[{"href":"https:\/\/conexaocg.com.br\/website\/wp-json\/wp\/v2\/pages\/52"}],"collection":[{"href":"https:\/\/conexaocg.com.br\/website\/wp-json\/wp\/v2\/pages"}],"about":[{"href":"https:\/\/conexaocg.com.br\/website\/wp-json\/wp\/v2\/types\/page"}],"author":[{"embeddable":true,"href":"https:\/\/conexaocg.com.br\/website\/wp-json\/wp\/v2\/users\/2"}],"replies":[{"embeddable":true,"href":"https:\/\/conexaocg.com.br\/website\/wp-json\/wp\/v2\/comments?post=52"}],"version-history":[{"count":5,"href":"https:\/\/conexaocg.com.br\/website\/wp-json\/wp\/v2\/pages\/52\/revisions"}],"predecessor-version":[{"id":1373,"href":"https:\/\/conexaocg.com.br\/website\/wp-json\/wp\/v2\/pages\/52\/revisions\/1373"}],"wp:attachment":[{"href":"https:\/\/conexaocg.com.br\/website\/wp-json\/wp\/v2\/media?parent=52"}],"curies":[{"name":"wp","href":"https:\/\/api.w.org\/{rel}","templated":true}]}}