{"id":437,"date":"2016-09-30T07:34:22","date_gmt":"2016-09-30T07:34:22","guid":{"rendered":"http:\/\/demo.oceanthemes.net\/modis\/?page_id=437"},"modified":"2021-02-08T17:37:22","modified_gmt":"2021-02-08T17:37:22","slug":"homepage-2","status":"publish","type":"page","link":"https:\/\/conexaocg.com.br\/website\/","title":{"rendered":"Home"},"content":{"rendered":"<p>[vc_row fullwidth=&#8221;yes&#8221; el_class=&#8221;overflow-hidden&#8221;][vc_column]\r\n    <div class=\"autoheight padding-top-bottom-90\">\r\n        <div class=\"center-y text-center absolute width100 z-index-1\">\r\n\r\n            <div class=\"spacer-single\"><\/div>\r\n            <div class=\"spacer-half\"><\/div>\r\n            <h1 class=\"big-font\">O QUE VOC\u00ca PRECISA?<\/h1>\r\n            <div class=\"spacer-single\"><\/div>\r\n            <a class=\"btn-slider\" href=\"\/our-services\" target=\"_self\">Solu\u00e7\u00f5es personalizadas e inovadoras para seu neg\u00f3cio<\/a>\r\n        <\/div>\r\n        <div class=\"bg-scale\" data-stellar-background-ratio=\".2\" style=\"background:url('https:\/\/conexaocg.com.br\/website\/wp-content\/uploads\/2020\/02\/bg-1.jpg');background-size: 100%;\"><\/div>\r\n    <\/div>\r\n\r\n[\/vc_column][\/vc_row][vc_row fullwidth=&#8221;yes&#8221; css=&#8221;.vc_custom_1581806815195{margin-top: -60px !important;padding-top: 0px !important;padding-bottom: 90px !important;}&#8221;][vc_column width=&#8221;5\/6&#8243; offset=&#8221;vc_col-lg-offset-1&#8243;][vc_single_image image=&#8221;1203&#8243; img_size=&#8221;full&#8221;][vc_empty_space height=&#8221;30px&#8221;][vc_column_text css=&#8221;.vc_custom_1603310771593{padding-right: 20px !important;padding-left: 20px !important;}&#8221;]<\/p>\n<h1 style=\"display: flex; justify-content: flex-start;\">O que fazemos?<\/h1>\n<div class=\"border-xs\"><\/div>\n<p>Pequeno ou grande, n\u00e3o importa o tamanho da sua empresa. N\u00f3s estamos prontos para ajudar! Na verdade, isso \u00e9 bastante simples, porque cada vez que os ajudamos a resolver os diferentes problemas cont\u00e1beis, criamos um estudo de caso e somamos experi\u00eancias que poder\u00e3o ser aplicadas posteriormente em outro caso semelhante. \u00a0A cria\u00e7\u00e3o e disponibiliza\u00e7\u00e3o de solu\u00e7\u00f5es para nosso clientes \u00e9 uma enorme satisfa\u00e7\u00e3o para n\u00f3s!<\/p>\n<p><strong>Temos mais de trinta anos de experi\u00eancia bem-sucedida nas \u00e1reas financeira e cont\u00e1bil e no mercado de neg\u00f3cios.<\/strong>[\/vc_column_text][\/vc_column][\/vc_row][vc_row content_placement=&#8221;top&#8221; bg_parallax_section=&#8221;yes&#8221; parallax_image_section=&#8221;1252&#8243; parallax_speed_section=&#8221;.2&#8243; css=&#8221;.vc_custom_1581949325082{padding-top: 90px !important;padding-bottom: 90px !important;}&#8221;][vc_column css_animation=&#8221;fadeInLeft&#8221; width=&#8221;1\/2&#8243;][vc_column_text css_animation=&#8221;slideInLeft&#8221;]<\/p>\n<h1 class=\"text-capitalize devider-left wow fadeInLeft\" style=\"text-align: left;\" data-wow-delay=\".2s\">Por Que As Empresas<span class=\"text-primary\">\u00a0<span style=\"color: #a79336;\">Nos Escolhem<\/span><\/span><\/h1>\n<p>&nbsp;<\/p>\n<p style=\"text-align: left;\"><span style=\"color: #333333;\"><strong>Com mais de 30 anos de experi\u00eancia em consultoria de neg\u00f3cios, temos muito a oferecer aos nossos clientes. Aqui est\u00e3o algumas raz\u00f5es do porqu\u00ea empresas em todo o pa\u00eds nos escolhem.<\/strong><\/span><\/p>\n<p>[\/vc_column_text][\/vc_column][vc_column css_animation=&#8221;fadeInRight&#8221; width=&#8221;1\/2&#8243; animate=&#8221;fadeinright&#8221;][vc_row_inner][vc_column_inner width=&#8221;1\/2&#8243;]\r\n    <div class=\"box-icon\">\r\n        <i class=\"far fa-lightbulb\"><\/i>\r\n        <div class=\"text\">\r\n            <h4>SOLU\u00c7\u00d5ES INOVADORAS<\/h4>\r\n            <p><\/p>\n<p class=\"box-default-description\"><span style=\"color: #333333;\">Nossos servi\u00e7os e solu\u00e7\u00f5es s\u00e3o baseados em inova\u00e7\u00f5es de neg\u00f3cios.<\/span><\/p>\n<p><\/p>\r\n        <\/div>\r\n    <\/div>    \r\n\r\n[\/vc_column_inner][vc_column_inner width=&#8221;1\/2&#8243;]\r\n    <div class=\"box-icon\">\r\n        <i class=\"fas fa-crosshairs\"><\/i>\r\n        <div class=\"text\">\r\n            <h4>PENSAMENTO ESTRAT\u00c9GICO<\/h4>\r\n            <p>A Conex\u00e3o CG trabalha estrategicamente para forjar o melhor caminho para o seu neg\u00f3cio.<\/p>\r\n        <\/div>\r\n    <\/div>    \r\n\r\n[\/vc_column_inner][\/vc_row_inner][vc_row_inner][vc_column_inner width=&#8221;1\/2&#8243;]\r\n    <div class=\"box-icon\">\r\n        <i class=\"fas fa-users\"><\/i>\r\n        <div class=\"text\">\r\n            <h4>EQUIPE EXPERIENTE<\/h4>\r\n            <p><\/p>\n<div class=\"col-xl-6 wow fadeInUp\" data-wow-delay=\".4s\">\n<div class=\"box-default\">\n<div class=\"box-default-title\">\n<p>Nossos colaboradores est\u00e3o entre os melhores e mais experientes consultores, com larga experi\u00eancia em neg\u00f3cios.<\/p>\n<\/div>\n<\/div>\n<\/div>\n<p><\/p>\r\n        <\/div>\r\n    <\/div>    \r\n\r\n[\/vc_column_inner][vc_column_inner width=&#8221;1\/2&#8243;]\r\n    <div class=\"box-icon\">\r\n        <i class=\"fas fa-handshake\"><\/i>\r\n        <div class=\"text\">\r\n            <h4>ABORDAGEM CRIATIVA<\/h4>\r\n            <p><\/p>\n<p class=\"box-default-description\">Cada projeto em que trabalhamos baseia-se nas solu\u00e7\u00f5es criativas de quaisquer problemas.<\/p>\n<p><\/p>\r\n        <\/div>\r\n    <\/div>    \r\n\r\n[\/vc_column_inner][\/vc_row_inner][\/vc_column][\/vc_row][vc_row css=&#8221;.vc_custom_1477466363115{padding-top: 90px !important;padding-bottom: 90px !important;background-color: #151515 !important;}&#8221;][vc_column width=&#8221;1\/3&#8243; el_class=&#8221;text-light&#8221;]\r\n            <div class=\"de_count\">\r\n            <i class=\"icon-calendar\" ><\/i>            <h3 class=\"timer\" data-to=\"1989\" data-speed=\"2500\">1989<\/h3>\r\n            <span>ANO DA FUNDA\u00c7\u00c3O<\/span>\r\n        <\/div>\r\n    \r\n[\/vc_column][vc_column width=&#8221;1\/3&#8243; el_class=&#8221;text-light&#8221;]\r\n            <div class=\"de_count\">\r\n            <i class=\"icon-briefcase\" ><\/i>            <h3 class=\"timer\" data-to=\"547\" data-speed=\"2500\">547<\/h3>\r\n            <span>PROJETOS DE SUCESSO<\/span>\r\n        <\/div>\r\n    \r\n[\/vc_column][vc_column width=&#8221;1\/3&#8243; el_class=&#8221;text-light&#8221;]\r\n            <div class=\"de_count\">\r\n            <i class=\"icon-profile-male\" ><\/i>            <h3 class=\"timer\" data-to=\"79\" data-speed=\"2500\">79<\/h3>\r\n            <span>CLIENTES<\/span>\r\n        <\/div>\r\n    \r\n[\/vc_column][\/vc_row][vc_row css=&#8221;.vc_custom_1477457186980{padding-top: 90px !important;padding-bottom: 90px !important;}&#8221;][vc_column offset=&#8221;vc_col-lg-offset-2 vc_col-lg-8&#8243;]\r\n    <ul class=\"testimonial-list wow fadeIn big-font\" data-wow-delay=\".25s\">\r\n        \r\n        <li><p>\u201c Ter uma boa empresa de contabilidade n\u00e3o se trata somente de um suporte em tarefas operacionais, mas tamb\u00e9m considero como um seguro que s\u00f3 em momentos at\u00edpicos sabemos da sua import\u00e2ncia! Um erro cont\u00e1bil al\u00e9m do preju\u00edzo financeiro, tamb\u00e9m pode implicar em dano direto a imagem da empresa, o que \u00e9 imensur\u00e1vel! H\u00e1 12 anos conto com a seguran\u00e7a fornecida pela <strong>Conex\u00e3o<\/strong> atrav\u00e9s da sua expertise!\u201d<\/p>\n                <span>Jhonattas Rodrigues da Rocha, CEO da Jhonny Technology <\/span>\r\n        <\/li>\r\n\r\n        \r\n        <li><p>\u201cTrabalho com a <strong>Conex\u00e3o Consultoria e Gest\u00e3o<\/strong> h\u00e1 cinco anos. Come\u00e7amos com a gest\u00e3o cont\u00e1bil, fiscal e de folha de pagamento\u00a0 de uma empresa e atualmente eles gerenciam sete empresas (expandimos o grupo).<\/p>\n<p>Destaco dois pilares diferenciados no trabalho oferecido pela <strong>conexaocg<\/strong>, proporcionando efici\u00eancia, confiabilidade e qualidade no resultado:<\/p>\n<p>&#8211; <strong>Pontualidade<\/strong> na execu\u00e7\u00e3o de cronograma de opera\u00e7\u00e3o fiscal, cont\u00e1bil e administra\u00e7\u00e3o de pessoal. Nesses cinco anos, nunca tivemos um atraso na emiss\u00e3o de folha de pagamento ou na gera\u00e7\u00e3o de guia para pagamento dos impostos.<\/p>\n<p>&#8211; Outro destaque \u00e9 o foco da <strong>Conex\u00e3o<\/strong> em automatizar seus processos atrav\u00e9s do <strong>uso da tecnologia<\/strong>. Como exemplo, hoje consigo acessar qualquer informa\u00e7\u00f5es dos funcion\u00e1rios como contra-cheque, vencimento de f\u00e9rias, em qualquer hor\u00e1rio ou local, atrav\u00e9s de um notebook e\/ou celular. Isto facilita muito a gest\u00e3o e tomada de decis\u00e3o no dia-a-dia.\u201d<\/p>\n                <span>Simone Rebelo, CEO SSNuts \u2013 SP e RJ <\/span>\r\n        <\/li>\r\n\r\n        \r\n        <li><p>\u201cEu participava de duas empresas nos \u00faltimos anos. A minha tinha sido aberta e era assessorada pela <strong>Conex\u00e3o<\/strong>; a outra, n\u00e3o. A diferen\u00e7a era gritante. A outra empresa era de um amigo meu (t\u00ednhamos neg\u00f3cios conjuntos).<\/p>\n<p>Era not\u00f3ria a dificuldade que ele tinha para lidar com contratos, impostos e com as obriga\u00e7\u00f5es fiscais toda vez que tinha que participar de processos de licita\u00e7\u00e3o no governo ou em contratos privados.<\/p>\n<p>Desde a cria\u00e7\u00e3o da minha empresa h\u00e1 cinco anos atr\u00e1s e at\u00e9 hoje, tenho uma consultoria cont\u00e1bil e fiscal de verdade trabalhando quase que <strong>24h<\/strong> para mim (eu abuso um pouco), a um <strong>click<\/strong>.<\/p>\n<p>A <strong>Conex\u00e3o<\/strong> \u00e9 altamente profissional e extremamente conhecedora da\u00a0burocracia brasileira\u00a0e, o que \u00e9 crucial, est\u00e1 sempre\u00a0atenta \u00e0s\u00a0mudan\u00e7as que acontecem nos meus neg\u00f3cios.\u201d<\/p>\n                <span>Jonathan Slohan, CEO \u2013 Slohan Consultoria em Tecnologia \u2013 SP <\/span>\r\n        <\/li>\r\n\r\n            <\/ul>\r\n\r\n[\/vc_column][\/vc_row][vc_row css=&#8221;.vc_custom_1581806993065{padding-top: 30px !important;padding-right: 30px !important;padding-bottom: 30px !important;padding-left: 30px !important;background-color: #555555 !important;}&#8221;][vc_column width=&#8221;1\/4&#8243;][vc_single_image image=&#8221;1277&#8243; img_size=&#8221;&#8221;][vc_empty_space][vc_column_text]<span style=\"color: #ffffff;\">A Conex\u00e3o CG oferece uma gama completa de consultoria de neg\u00f3cios e servi\u00e7os de consultoria para pequenas, m\u00e9dias e internacionais empresas em todo o mundo. Usamos inova\u00e7\u00f5es e experi\u00eancia para impulsionar seu sucesso.<\/span>[\/vc_column_text][\/vc_column][vc_column width=&#8221;1\/4&#8243;][vc_column_text]<\/p>\n<h2><strong><span style=\"color: #ffffff;\">Contatos<\/span><\/strong><\/h2>\n<div class=\"\"><span style=\"color: #999999;\">Av. Jabaquara, 2958 &#8211; CJ 61 &#8211; Planalto Paulista<\/span><\/div>\n<div class=\"\"><span style=\"color: #999999;\"><span class=\"d-lg-block\">S\u00e3o Paulo\/SP<\/span><\/span><\/div>\n<div><span style=\"color: #ffffff;\"><a class=\"d-inline-block accent-link\" style=\"color: #ffffff;\" href=\"mailto:contato@conexaocg.com.br\">contato@conexaocg.com.br<\/a><\/span><\/div>\n<div><span style=\"color: #999999;\"><a class=\"d-inline-block\" style=\"color: #999999;\" href=\"tel:#\">(11) 4308-2012<\/a><\/span><\/div>\n<p><span style=\"color: #999999;\">Seg-Sex: <span class=\"d-inline-block offset-left-10 text-white\" style=\"color: #ffffff;\">8:00 &#8211; 17:00 PM<\/span><\/span>[\/vc_column_text][\/vc_column][vc_column width=&#8221;1\/4&#8243;][vc_wp_custommenu title=&#8221;Menu&#8221; nav_menu=&#8221;16&#8243; el_class=&#8221;linksUteis&#8221;][\/vc_column][vc_column width=&#8221;1\/4&#8243;][vc_column_text]<\/p>\n<h2 class=\"footer-classic-title\"><strong><span style=\"color: #ffffff;\">Premissas<\/span><\/strong><\/h2>\n<div><span style=\"color: #999999;\">\u00c9tica<\/span><\/div>\n<div><span style=\"color: #999999;\">Educa\u00e7\u00e3o continuada<\/span><\/div>\n<div><span style=\"color: #999999;\">Inova\u00e7\u00e3o<\/span><\/div>\n<div><span style=\"color: #999999;\">Objetividade<\/span><\/div>\n<div><span style=\"color: #999999;\">Qualidade<\/span><\/div>\n<div><span style=\"color: #999999;\"><strong>Sigilo<\/strong><\/span><\/div>\n<p>[\/vc_column_text][\/vc_column][\/vc_row]<\/p>\n","protected":false},"excerpt":{"rendered":"<p>[vc_row fullwidth=&#8221;yes&#8221; el_class=&#8221;overflow-hidden&#8221;][vc_column][\/vc_column][\/vc_row][vc_row fullwidth=&#8221;yes&#8221; css=&#8221;.vc_custom_1581806815195{margin-top: -60px !important;padding-top: 0px !important;padding-bottom: 90px !important;}&#8221;][vc_column width=&#8221;5\/6&#8243; offset=&#8221;vc_col-lg-offset-1&#8243;][vc_single_image image=&#8221;1203&#8243; img_size=&#8221;full&#8221;][vc_empty_space height=&#8221;30px&#8221;][vc_column_text css=&#8221;.vc_custom_1603310771593{padding-right: 20px !important;padding-left: 20px !important;}&#8221;] O que fazemos? Pequeno ou grande, n\u00e3o importa o tamanho da sua empresa. N\u00f3s estamos prontos para ajudar! Na verdade, isso \u00e9 bastante simples, porque cada vez que os ajudamos a resolver os diferentes [&hellip;]<\/p>\n","protected":false},"author":2,"featured_media":0,"parent":0,"menu_order":3,"comment_status":"closed","ping_status":"closed","template":"page-templates\/template-canvas.php","meta":[],"_links":{"self":[{"href":"https:\/\/conexaocg.com.br\/website\/wp-json\/wp\/v2\/pages\/437"}],"collection":[{"href":"https:\/\/conexaocg.com.br\/website\/wp-json\/wp\/v2\/pages"}],"about":[{"href":"https:\/\/conexaocg.com.br\/website\/wp-json\/wp\/v2\/types\/page"}],"author":[{"embeddable":true,"href":"https:\/\/conexaocg.com.br\/website\/wp-json\/wp\/v2\/users\/2"}],"replies":[{"embeddable":true,"href":"https:\/\/conexaocg.com.br\/website\/wp-json\/wp\/v2\/comments?post=437"}],"version-history":[{"count":35,"href":"https:\/\/conexaocg.com.br\/website\/wp-json\/wp\/v2\/pages\/437\/revisions"}],"predecessor-version":[{"id":1371,"href":"https:\/\/conexaocg.com.br\/website\/wp-json\/wp\/v2\/pages\/437\/revisions\/1371"}],"wp:attachment":[{"href":"https:\/\/conexaocg.com.br\/website\/wp-json\/wp\/v2\/media?parent=437"}],"curies":[{"name":"wp","href":"https:\/\/api.w.org\/{rel}","templated":true}]}}